{"id":1009,"date":"2017-03-25T14:12:42","date_gmt":"2017-03-25T14:12:42","guid":{"rendered":"http:\/\/hiperfcloud.setrem.com.br\/?page_id=1009"},"modified":"2017-03-28T00:56:58","modified_gmt":"2017-03-28T00:56:58","slug":"all","status":"publish","type":"page","link":"http:\/\/hiperfcloud.setrem.com.br\/en\/publicacoes\/all\/","title":{"rendered":"All"},"content":{"rendered":"<table style=\"height: 89px;\" width=\"848\" cellspacing=\"1\" cellpadding=\"1\">\n<tbody>\n<tr>\n<td style=\"text-align: justify;\">Vogel, A.; Griebler, D.; Schepke, C.; Fernandes, L. G. .<strong> An Intra-Cloud Networking Performance Evaluation on CloudStack Environment.<\/strong> 25th Euromicro International Conference on Parallel, Distributed and Network-Based Processing (PDP), 2017. \u00a0<img loading=\"lazy\" decoding=\"async\" style=\"padding: 0px;\" title=\"Paper to appear\" src=\"http:\/\/larcc.setrem.com.br\/wp-content\/uploads\/2015\/03\/articlelarcc.png?1859db\" alt=\"articlelarcc\" width=\"25\" height=\"25\" \/> <a href=\"http:\/\/larcc.setrem.com.br\/wp-content\/uploads\/2017\/03\/pdp2017.txt\" target=\"_blank\"><img loading=\"lazy\" decoding=\"async\" style=\"padding: 0px;\" title=\"Bibtex\" src=\"http:\/\/larcc.setrem.com.br\/wp-content\/uploads\/2015\/03\/bibtex2.png?1859db\" alt=\"bibtex2\" width=\"25\" height=\"25\" \/><\/a><\/td>\n<\/tr>\n<\/tbody>\n<\/table>\n<table style=\"height: 89px;\" width=\"848\" cellspacing=\"1\" cellpadding=\"1\">\n<tbody>\n<tr>\n<td style=\"text-align: justify;\">Baum, W.; Maron, C. A. F.; Griebler, D.; Schepke, C. .<strong> Caracteriza\u00e7\u00e3o do Desempenho de Aplica\u00e7\u00f5es Pipeline em Inst\u00e2ncias KVM e LXC de uma Nuvem CloudStack.<\/strong> 17th Escola Regional de Alto Desempenho do Estado do Rio Grande do Sul (ERAD\/RS), 2017. \u00a0<a href=\"http:\/\/hiperfcloud.setrem.com.br\/wp-content\/uploads\/2017\/03\/BAUM_ERAD_2017.pdf\" target=\"_blank\"><img loading=\"lazy\" decoding=\"async\" style=\"padding: 0px;\" title=\"Paper to appear\" src=\"http:\/\/larcc.setrem.com.br\/wp-content\/uploads\/2015\/03\/articlelarcc.png?1859db\" alt=\"articlelarcc\" width=\"25\" height=\"25\" \/> <\/a><a href=\"http:\/\/hiperfcloud.setrem.com.br\/wp-content\/uploads\/2017\/03\/BIB_BAUM_ERAD_2017.txt\" target=\"_blank\"><img loading=\"lazy\" decoding=\"async\" style=\"padding: 0px;\" title=\"Bibtex\" src=\"http:\/\/larcc.setrem.com.br\/wp-content\/uploads\/2015\/03\/bibtex2.png?1859db\" alt=\"bibtex2\" width=\"25\" height=\"25\" \/><\/a><\/td>\n<\/tr>\n<\/tbody>\n<\/table>\n<table style=\"height: 89px;\" width=\"848\" cellspacing=\"1\" cellpadding=\"1\">\n<tbody>\n<tr>\n<td style=\"text-align: justify;\">Maliszewski, A.; Vogel, A.; Griebler, D.; Schepke, C. .<strong> Desempenho das Opera\u00e7\u00f5es de Criar e Deletar Inst\u00e2ncias KVM Simult\u00e2neas em Nuvens CloudStack e OpenStack.<\/strong> 17th Escola Regional de Alto Desempenho do Estado do Rio Grande do Sul (ERAD\/RS), 2017. \u00a0<a href=\"http:\/\/hiperfcloud.setrem.com.br\/wp-content\/uploads\/2017\/03\/MALISZEWSKI_ERAD_2017.pdf\" target=\"_blank\"><img loading=\"lazy\" decoding=\"async\" style=\"padding: 0px;\" title=\"Paper to appear\" src=\"http:\/\/larcc.setrem.com.br\/wp-content\/uploads\/2015\/03\/articlelarcc.png?1859db\" alt=\"articlelarcc\" width=\"25\" height=\"25\" \/> <\/a><a href=\"http:\/\/hiperfcloud.setrem.com.br\/wp-content\/uploads\/2017\/03\/BIB_MALISZEWSKI_ERAD_2017.txt\" target=\"_blank\"><img loading=\"lazy\" decoding=\"async\" style=\"padding: 0px;\" title=\"Bibtex\" src=\"http:\/\/larcc.setrem.com.br\/wp-content\/uploads\/2015\/03\/bibtex2.png?1859db\" alt=\"bibtex2\" width=\"25\" height=\"25\" \/><\/a><\/td>\n<\/tr>\n<\/tbody>\n<\/table>\n<table style=\"height: 89px;\" width=\"848\" cellspacing=\"1\" cellpadding=\"1\">\n<tbody>\n<tr>\n<td style=\"text-align: justify;\">Vogel, A.; Griebler, D.; Maron, C. A. F.; Schepke C.; Fernandes, L. G. .<strong> Private IaaS Clouds: A Comparative Analysis of OpenNebula, CloudStack and OpenStack.<\/strong>\u00a024st Euromicro International Conference on Parallel, Distributed and Network Based Processing (PDP), 2016.\u00a0 <a href=\"http:\/\/ieeexplore.ieee.org\/document\/7445407\/\" target=\"_blank\"><img loading=\"lazy\" decoding=\"async\" class=\"alignnone\" style=\"padding: 0px;\" title=\"Paper\" src=\"http:\/\/larcc.setrem.com.br\/wp-content\/uploads\/2015\/03\/articlelarcc.png?1859db\" alt=\"articlelarcc\" width=\"25\" height=\"25\" \/><\/a><a href=\"http:\/\/hiperfcloud.setrem.com.br\/wp-content\/uploads\/2017\/03\/BIB_VOGEL_PDP_2016.txt\" target=\"_blank\"><img loading=\"lazy\" decoding=\"async\" class=\"alignnone\" style=\"padding: 0px;\" title=\"Bibtex\" src=\"http:\/\/larcc.setrem.com.br\/wp-content\/uploads\/2015\/03\/bibtex2.png?1859db\" alt=\"bibtex2\" width=\"25\" height=\"25\" \/><\/a><\/td>\n<\/tr>\n<\/tbody>\n<\/table>\n<table style=\"height: 89px;\" width=\"848\" cellspacing=\"1\" cellpadding=\"1\">\n<tbody>\n<tr>\n<td style=\"text-align: justify;\">Maron, C. A. F.; Griebler, D.; Schepke, C.; Fernandes, L. G. .<strong>Desempenho de OpenStack e OpenNebula em Esta\u00e7\u00f5es de Trabalho: Uma Avalia\u00e7\u00e3o com Microbenchmarks e NPB. <\/strong>Revista Eletr\u00f4nica Argentina-Brasil de Tecnologias da Informa\u00e7\u00e3o e da Comunica\u00e7\u00e3o (REABTIC),\u00a02016.<strong> <a href=\"http:\/\/hiperfcloud.setrem.com.br\/wp-content\/uploads\/2017\/03\/MARON_REABTIC_2016.pdf\" target=\"_blank\"><img loading=\"lazy\" decoding=\"async\" style=\"padding: 0px;\" title=\"Paper\" src=\"http:\/\/larcc.setrem.com.br\/wp-content\/uploads\/2015\/03\/articlelarcc.png?1859db\" alt=\"articlelarcc\" width=\"25\" height=\"25\" \/> <\/a><a href=\"http:\/\/hiperfcloud.setrem.com.br\/wp-content\/uploads\/2017\/03\/BIB_MARON_REABTIC_2016.txt\" target=\"_blank\"><img loading=\"lazy\" decoding=\"async\" style=\"padding: 0px;\" title=\"Bibtex\" src=\"http:\/\/larcc.setrem.com.br\/wp-content\/uploads\/2015\/03\/bibtex2.png?1859db\" alt=\"bibtex2\" width=\"25\" height=\"25\" \/><\/a><\/strong><\/td>\n<\/tr>\n<\/tbody>\n<\/table>\n<table style=\"height: 89px;\" width=\"848\" cellspacing=\"1\" cellpadding=\"1\">\n<tbody>\n<tr>\n<td style=\"text-align: justify;\">Vogel, A.; Maron, C. A. F.; Griebler, D.; Schepke C.. <strong>Medindo o Desempenho de Implanta\u00e7\u00f5es de OpenStack, CloudStack e OpenNebula em Aplica\u00e7\u00f5es Cient\u00edficas<\/strong>. 16th Escola Regional de Alto Desempenho do Estado do Rio Grande do Sul (ERAD\/RS), 2016. <a href=\"http:\/\/hiperfcloud.setrem.com.br\/wp-content\/uploads\/2017\/03\/VOGEL_ERAD_2016.pdf\" target=\"_blank\"><img loading=\"lazy\" decoding=\"async\" class=\"alignnone\" style=\"padding: 0px;\" title=\"Paper\" src=\"http:\/\/larcc.setrem.com.br\/wp-content\/uploads\/2015\/03\/articlelarcc.png?1859db\" alt=\"articlelarcc\" width=\"25\" height=\"25\" \/><\/a><a href=\"http:\/\/hiperfcloud.setrem.com.br\/wp-content\/uploads\/2017\/03\/BIB_VOGEL_ERAD_2016.txt\" target=\"_blank\"><img loading=\"lazy\" decoding=\"async\" style=\"padding: 0px;\" title=\"Bibtex\" src=\"http:\/\/larcc.setrem.com.br\/wp-content\/uploads\/2015\/03\/bibtex2.png?1859db\" alt=\"bibtex2\" width=\"25\" height=\"25\" \/><\/a><\/td>\n<\/tr>\n<\/tbody>\n<\/table>\n<table style=\"height: 89px;\" width=\"848\" cellspacing=\"1\" cellpadding=\"1\">\n<tbody>\n<tr>\n<td style=\"text-align: justify;\">Maron, C. A. F.; Vogel, A.; Benedetti, V. L. L.; Shubeita, F.; Schepke C.; Griebler, D. . <strong>Panorama Geral e Resultados do Projeto HiPerfCloud.<\/strong> 15th Jornada de Pesquisa SETREM (SAPS), 2016.\u00a0<a href=\"http:\/\/hiperfcloud.setrem.com.br\/wp-content\/uploads\/2017\/03\/HiPerfCloud_JP_SETREM_2016.pdf\" target=\"_blank\"><img loading=\"lazy\" decoding=\"async\" class=\"alignnone\" style=\"padding: 0px;\" title=\"Paper\" src=\"http:\/\/larcc.setrem.com.br\/wp-content\/uploads\/2015\/03\/articlelarcc.png?1859db\" alt=\"articlelarcc\" width=\"25\" height=\"25\" \/><\/a> <a href=\"http:\/\/hiperfcloud.setrem.com.br\/wp-content\/uploads\/2017\/03\/BIB_MARON_SAPS_2016.txt\" target=\"_blank\"><img loading=\"lazy\" decoding=\"async\" class=\"alignnone\" style=\"padding: 0px;\" title=\"Bibtex\" src=\"http:\/\/larcc.setrem.com.br\/wp-content\/uploads\/2015\/03\/bibtex2.png?1859db\" alt=\"bibtex2\" width=\"25\" height=\"25\" \/><\/a><\/td>\n<\/tr>\n<\/tbody>\n<\/table>\n<table style=\"height: 89px;\" width=\"848\" cellspacing=\"1\" cellpadding=\"1\">\n<tbody>\n<tr>\n<td style=\"text-align: justify;\">Vogel, A.; Maron, C. A. F.; Benedetti, V. L. L.; Shubeita, F.; Schepke C.; Griebler, D. . <strong>HiPerfCloud: Um Projeto e Alto Desempenho em Nuvem.<\/strong> 14th Jornada de Pesquisa SETREM (SAPS), 2015.\u00a0\u00a0<a href=\"http:\/\/hiperfcloud.setrem.com.br\/wp-content\/uploads\/2017\/03\/HiPerfCloud_JP_SETREM_2015.pdf\" target=\"_blank\"><img loading=\"lazy\" decoding=\"async\" class=\"alignnone\" style=\"padding: 0px;\" title=\"Paper\" src=\"http:\/\/larcc.setrem.com.br\/wp-content\/uploads\/2015\/03\/articlelarcc.png?1859db\" alt=\"articlelarcc\" width=\"25\" height=\"25\" \/><\/a> <a href=\"http:\/\/hiperfcloud.setrem.com.br\/wp-content\/uploads\/2017\/03\/BIB_VOGEL_SAPS_2015.txt\" target=\"_blank\"><img loading=\"lazy\" decoding=\"async\" class=\"alignnone\" style=\"padding: 0px;\" title=\"Bibtex\" src=\"http:\/\/larcc.setrem.com.br\/wp-content\/uploads\/2015\/03\/bibtex2.png?1859db\" alt=\"bibtex2\" width=\"25\" height=\"25\" \/><\/a><\/td>\n<\/tr>\n<\/tbody>\n<\/table>\n<table style=\"height: 89px;\" width=\"848\" cellspacing=\"1\" cellpadding=\"1\">\n<tbody>\n<tr>\n<td style=\"text-align: justify;\">Vogel, A. . <strong>Surveying the Robustness and Analyzing the Performance Impact of Open Source Infrastructure as a Service Management Tools.<\/strong>\u00a0Undergraduate Thesis. Sociedade Educacional Tr\u00eas de Maio (SETREM), 2015.\u00a0 <a href=\"http:\/\/hiperfcloud.setrem.com.br\/wp-content\/uploads\/2017\/03\/VOGEL_TCC_2015.pdf\" target=\"_blank\"><img loading=\"lazy\" decoding=\"async\" class=\"alignnone\" style=\"padding: 0px;\" title=\"Thesis\" src=\"http:\/\/larcc.setrem.com.br\/wp-content\/uploads\/2015\/03\/articlelarcc.png?1859db\" alt=\"articlelarcc\" width=\"25\" height=\"25\" \/><\/a><a href=\"http:\/\/hiperfcloud.setrem.com.br\/wp-content\/uploads\/2017\/03\/BIB_VOGEL_TCC_2015.txt\" target=\"_blank\"><img loading=\"lazy\" decoding=\"async\" class=\"alignnone\" style=\"padding: 0px;\" title=\"Bibtex\" src=\"http:\/\/larcc.setrem.com.br\/wp-content\/uploads\/2015\/03\/bibtex2.png?1859db\" alt=\"bibtex2\" width=\"25\" height=\"25\" \/><\/a><\/td>\n<\/tr>\n<\/tbody>\n<\/table>\n<table style=\"height: 89px;\" width=\"848\" cellspacing=\"1\" cellpadding=\"1\">\n<tbody>\n<tr>\n<td style=\"text-align: justify;\">Maron, C. A. F.; Griebler, D.; Vogel, A.; Schepke C. . <strong>Em Dire\u00e7\u00e3o \u00e0 Compara\u00e7\u00e3o do Desempenho das Aplica\u00e7\u00f5es Paralelas nas Ferramentas OpenStack e OpenNebula<\/strong> 15th Escola Regional de Alto Desempenho do Estado do Rio Grande do Sul (ERAD\/RS), 2015.\u00a0\u00a0<a href=\"http:\/\/hiperfcloud.setrem.com.br\/wp-content\/uploads\/2017\/03\/MARON_ERAD_2015.pdf\" target=\"_blank\"><img loading=\"lazy\" decoding=\"async\" class=\"alignnone\" style=\"padding: 0px;\" title=\"Paper\" src=\"http:\/\/larcc.setrem.com.br\/wp-content\/uploads\/2015\/03\/articlelarcc.png?1859db\" alt=\"articlelarcc\" width=\"25\" height=\"25\" \/><\/a> <a href=\"http:\/\/hiperfcloud.setrem.com.br\/wp-content\/uploads\/2017\/03\/BIB_MARON_ERAD_2015.txt\" target=\"_blank\"><img loading=\"lazy\" decoding=\"async\" class=\"alignnone\" style=\"padding: 0px;\" title=\"Bibtex\" src=\"http:\/\/larcc.setrem.com.br\/wp-content\/uploads\/2015\/03\/bibtex2.png?1859db\" alt=\"bibtex2\" width=\"25\" height=\"25\" \/><\/a><\/td>\n<\/tr>\n<\/tbody>\n<\/table>\n<table style=\"height: 89px;\" width=\"848\" cellspacing=\"1\" cellpadding=\"1\">\n<tbody>\n<tr>\n<td style=\"text-align: justify;\">Maron, C. A. F.; Griebler, D.; Vogel, A.; Schepke C. . <strong>Avaliac\u00e3o e Compara\u00e7\u00e3o do Desempenho das Ferramentas OpenStack e OpenNebula.<\/strong> 12th Escola Regional de Redes de Computadores (ERRC), 2014.\u00a0\u00a0<a href=\"http:\/\/hiperfcloud.setrem.com.br\/wp-content\/uploads\/2017\/03\/MARON_ERRC_2014.pdf\" target=\"_blank\"><img loading=\"lazy\" decoding=\"async\" class=\"alignnone\" style=\"padding: 0px;\" title=\"Paper\" src=\"http:\/\/larcc.setrem.com.br\/wp-content\/uploads\/2015\/03\/articlelarcc.png?1859db\" alt=\"articlelarcc\" width=\"25\" height=\"25\" \/><\/a> <a href=\"http:\/\/hiperfcloud.setrem.com.br\/wp-content\/uploads\/2017\/03\/MARON_ERRC_2014.txt\" target=\"_blank\"><img loading=\"lazy\" decoding=\"async\" class=\"alignnone\" style=\"padding: 0px;\" title=\"Bibtex\" src=\"http:\/\/larcc.setrem.com.br\/wp-content\/uploads\/2015\/03\/bibtex2.png?1859db\" alt=\"bibtex2\" width=\"25\" height=\"25\" \/><\/a><\/td>\n<\/tr>\n<\/tbody>\n<\/table>\n<table style=\"height: 89px;\" width=\"848\" cellspacing=\"1\" cellpadding=\"1\">\n<tbody>\n<tr>\n<td style=\"text-align: justify;\">Maron, C. A. F. . <strong>Avalia\u00e7\u00e3o e Compara\u00e7\u00e3o da Computa\u00e7\u00e3o de Alto Desempenho em Ferrametas OpenSource de Administra\u00e7\u00e3o de Nuvem Usando Esta\u00e7\u00f5es de Trabalho.<\/strong>\u00a0Undergraduate Thesis. Sociedade Educacional Tr\u00eas de Maio (SETREM), 2014.\u00a0\u00a0<a href=\"http:\/\/hiperfcloud.setrem.com.br\/wp-content\/uploads\/2017\/03\/MARON_TCC_2014.pdf\" target=\"_blank\"><img loading=\"lazy\" decoding=\"async\" class=\"alignnone\" style=\"padding: 0px;\" title=\"Paper\" src=\"http:\/\/larcc.setrem.com.br\/wp-content\/uploads\/2015\/03\/articlelarcc.png?1859db\" alt=\"articlelarcc\" width=\"25\" height=\"25\" \/><\/a> <a href=\"http:\/\/hiperfcloud.setrem.com.br\/wp-content\/uploads\/2017\/03\/BIB_MARON_TCC_2014.txt\" target=\"_blank\"><img loading=\"lazy\" decoding=\"async\" class=\"alignnone\" style=\"padding: 0px;\" title=\"Bibtex\" src=\"http:\/\/larcc.setrem.com.br\/wp-content\/uploads\/2015\/03\/bibtex2.png?1859db\" alt=\"bibtex2\" width=\"25\" height=\"25\" \/><\/a><\/td>\n<\/tr>\n<\/tbody>\n<\/table>\n<table style=\"height: 89px;\" width=\"848\" cellspacing=\"1\" cellpadding=\"1\">\n<tbody>\n<tr>\n<td style=\"text-align: justify;\">Maron, C. A. F.; Griebler, D.; Schepke C. . <strong>Compara\u00e7\u00e3o das Ferramentas OpenNebula e OpenStack em Nuvem Composta de Esta\u00e7\u00f5es de Trabalho<\/strong> 14th Escola Regional de Alto Desempenho do Estado do Rio Grande do Sul (ERAD\/RS), 2014.\u00a0<a href=\"http:\/\/hiperfcloud.setrem.com.br\/wp-content\/uploads\/2017\/03\/MARON_ERAD_2014.pdf\" target=\"_blank\"><img loading=\"lazy\" decoding=\"async\" class=\"alignnone\" style=\"padding: 0px;\" title=\"Paper\" src=\"http:\/\/larcc.setrem.com.br\/wp-content\/uploads\/2015\/03\/articlelarcc.png?1859db\" alt=\"articlelarcc\" width=\"25\" height=\"25\" \/><\/a> <a href=\"http:\/\/hiperfcloud.setrem.com.br\/wp-content\/uploads\/2017\/03\/BIB_MARON_ERAD_2014.txt\" target=\"_blank\"><img loading=\"lazy\" decoding=\"async\" class=\"alignnone\" style=\"padding: 0px;\" title=\"Bibtex\" src=\"http:\/\/larcc.setrem.com.br\/wp-content\/uploads\/2015\/03\/bibtex2.png?1859db\" alt=\"bibtex2\" width=\"25\" height=\"25\" \/><\/a><\/td>\n<\/tr>\n<\/tbody>\n<\/table>\n<table style=\"height: 89px;\" width=\"848\" cellspacing=\"1\" cellpadding=\"1\">\n<tbody>\n<tr>\n<td style=\"text-align: justify;\">Thome, B.; Hentges, E. . <strong>An\u00e1lise e Compara\u00e7\u00e3o de Ferramentas Open Source de Computa\u00e7\u00e3o em Nuvem para o Modelo de Servi\u00e7o IaaS.<\/strong>\u00a0Undergraduate Thesis. Sociedade Educacional Tr\u00eas de Maio (SETREM), 2013.\u00a0\u00a0<a href=\"http:\/\/hiperfcloud.setrem.com.br\/wp-content\/uploads\/2017\/03\/THOME_TCC_2013.pdf\" target=\"_blank\"><img loading=\"lazy\" decoding=\"async\" class=\"alignnone\" style=\"padding: 0px;\" title=\"Paper\" src=\"http:\/\/larcc.setrem.com.br\/wp-content\/uploads\/2015\/03\/articlelarcc.png?1859db\" alt=\"articlelarcc\" width=\"25\" height=\"25\" \/><\/a> <a href=\"http:\/\/hiperfcloud.setrem.com.br\/wp-content\/uploads\/2017\/03\/BIB_THOME_TCC_2013.txt\" target=\"_blank\"><img loading=\"lazy\" decoding=\"async\" class=\"alignnone\" style=\"padding: 0px;\" title=\"Bibtex\" src=\"http:\/\/larcc.setrem.com.br\/wp-content\/uploads\/2015\/03\/bibtex2.png?1859db\" alt=\"bibtex2\" width=\"25\" height=\"25\" \/><\/a><\/td>\n<\/tr>\n<\/tbody>\n<\/table>\n<table style=\"height: 89px;\" width=\"848\" cellspacing=\"1\" cellpadding=\"1\">\n<tbody>\n<tr>\n<td style=\"text-align: justify;\">Thome, B.; Hentes, E.; Griebler, D. . <strong>Computa\u00e7\u00e3o em Nuvem: An\u00e1lise Comparativa de Ferramentas Open Source para IaaS.<\/strong> 11th Escola Regional de Redes de Computadores (ERRC), 2013.\u00a0\u00a0<a href=\"http:\/\/hiperfcloud.setrem.com.br\/wp-content\/uploads\/2017\/03\/THOME_ERRC_2013.pdf\" target=\"_blank\"><img loading=\"lazy\" decoding=\"async\" class=\"alignnone\" style=\"padding: 0px;\" title=\"Paper\" src=\"http:\/\/larcc.setrem.com.br\/wp-content\/uploads\/2015\/03\/articlelarcc.png?1859db\" alt=\"articlelarcc\" width=\"25\" height=\"25\" \/><\/a> <a href=\"http:\/\/hiperfcloud.setrem.com.br\/wp-content\/uploads\/2017\/03\/BIB_THOME_ERRC_2013.txt\" target=\"_blank\"><img loading=\"lazy\" decoding=\"async\" class=\"alignnone\" style=\"padding: 0px;\" title=\"Bibtex\" src=\"http:\/\/larcc.setrem.com.br\/wp-content\/uploads\/2015\/03\/bibtex2.png?1859db\" alt=\"bibtex2\" width=\"25\" height=\"25\" \/><\/a><\/td>\n<\/tr>\n<\/tbody>\n<\/table>\n","protected":false},"excerpt":{"rendered":"<p>Vogel, A.; Griebler, D.; Schepke, C.; Fernandes, L. G. . An Intra-Cloud Networking Performance Evaluation on CloudStack Environment. 25th Euromicro International Conference on Parallel, Distributed and Network-Based Processing (PDP), 2017. \u00a0 Baum, W.; Maron, C. A. F.; Griebler, D.; Schepke, C. . Caracteriza\u00e7\u00e3o do Desempenho de Aplica\u00e7\u00f5es Pipeline em Inst\u00e2ncias KVM e LXC de uma [&hellip;]<\/p>\n","protected":false},"author":6,"featured_media":0,"parent":941,"menu_order":0,"comment_status":"closed","ping_status":"closed","template":"","meta":{"_monsterinsights_skip_tracking":false,"_monsterinsights_sitenote_active":false,"_monsterinsights_sitenote_note":"","_monsterinsights_sitenote_category":0,"footnotes":""},"class_list":["post-1009","page","type-page","status-publish","hentry"],"_links":{"self":[{"href":"http:\/\/hiperfcloud.setrem.com.br\/en\/wp-json\/wp\/v2\/pages\/1009","targetHints":{"allow":["GET"]}}],"collection":[{"href":"http:\/\/hiperfcloud.setrem.com.br\/en\/wp-json\/wp\/v2\/pages"}],"about":[{"href":"http:\/\/hiperfcloud.setrem.com.br\/en\/wp-json\/wp\/v2\/types\/page"}],"author":[{"embeddable":true,"href":"http:\/\/hiperfcloud.setrem.com.br\/en\/wp-json\/wp\/v2\/users\/6"}],"replies":[{"embeddable":true,"href":"http:\/\/hiperfcloud.setrem.com.br\/en\/wp-json\/wp\/v2\/comments?post=1009"}],"version-history":[{"count":16,"href":"http:\/\/hiperfcloud.setrem.com.br\/en\/wp-json\/wp\/v2\/pages\/1009\/revisions"}],"predecessor-version":[{"id":1106,"href":"http:\/\/hiperfcloud.setrem.com.br\/en\/wp-json\/wp\/v2\/pages\/1009\/revisions\/1106"}],"up":[{"embeddable":true,"href":"http:\/\/hiperfcloud.setrem.com.br\/en\/wp-json\/wp\/v2\/pages\/941"}],"wp:attachment":[{"href":"http:\/\/hiperfcloud.setrem.com.br\/en\/wp-json\/wp\/v2\/media?parent=1009"}],"curies":[{"name":"wp","href":"https:\/\/api.w.org\/{rel}","templated":true}]}}