{"id":1064,"date":"2017-03-28T00:59:37","date_gmt":"2017-03-28T00:59:37","guid":{"rendered":"http:\/\/hiperfcloud.setrem.com.br\/?page_id=1064"},"modified":"2017-03-28T01:11:15","modified_gmt":"2017-03-28T01:11:15","slug":"tccs","status":"publish","type":"page","link":"http:\/\/hiperfcloud.setrem.com.br\/en\/publicacoes\/tccs\/","title":{"rendered":"TCCs"},"content":{"rendered":"<table style=\"height: 89px;\" width=\"848\" cellspacing=\"1\" cellpadding=\"1\">\n<tbody>\n<tr>\n<td style=\"text-align: justify;\">Vogel, A. . <strong>Surveying the Robustness and Analyzing the Performance Impact of Open Source Infrastructure as a Service Management Tools.<\/strong>\u00a0Undergraduate Thesis. Sociedade Educacional Tr\u00eas de Maio (SETREM), 2015.\u00a0 <a href=\"http:\/\/hiperfcloud.setrem.com.br\/wp-content\/uploads\/2017\/03\/VOGEL_TCC_2015.pdf\" target=\"_blank\"><img loading=\"lazy\" decoding=\"async\" class=\"alignnone\" style=\"padding: 0px;\" title=\"Thesis\" src=\"http:\/\/larcc.setrem.com.br\/wp-content\/uploads\/2015\/03\/articlelarcc.png?1859db\" alt=\"articlelarcc\" width=\"25\" height=\"25\" \/><\/a><a href=\"http:\/\/hiperfcloud.setrem.com.br\/wp-content\/uploads\/2017\/03\/BIB_VOGEL_TCC_2015.txt\" target=\"_blank\"><img loading=\"lazy\" decoding=\"async\" class=\"alignnone\" style=\"padding: 0px;\" title=\"Bibtex\" src=\"http:\/\/larcc.setrem.com.br\/wp-content\/uploads\/2015\/03\/bibtex2.png?1859db\" alt=\"bibtex2\" width=\"25\" height=\"25\" \/><\/a><\/td>\n<\/tr>\n<\/tbody>\n<\/table>\n<table style=\"height: 89px;\" width=\"848\" cellspacing=\"1\" cellpadding=\"1\">\n<tbody>\n<tr>\n<td style=\"text-align: justify;\">Maron, C. A. F. . <strong>Avalia\u00e7\u00e3o e Compara\u00e7\u00e3o da Computa\u00e7\u00e3o de Alto Desempenho em Ferrametas OpenSource de Administra\u00e7\u00e3o de Nuvem Usando Esta\u00e7\u00f5es de Trabalho.<\/strong>\u00a0Undergraduate Thesis. Sociedade Educacional Tr\u00eas de Maio (SETREM), 2014.\u00a0\u00a0<a href=\"http:\/\/hiperfcloud.setrem.com.br\/wp-content\/uploads\/2017\/03\/MARON_TCC_2014.pdf\" target=\"_blank\"><img loading=\"lazy\" decoding=\"async\" class=\"alignnone\" style=\"padding: 0px;\" title=\"Paper\" src=\"http:\/\/larcc.setrem.com.br\/wp-content\/uploads\/2015\/03\/articlelarcc.png?1859db\" alt=\"articlelarcc\" width=\"25\" height=\"25\" \/><\/a> <a href=\"http:\/\/hiperfcloud.setrem.com.br\/wp-content\/uploads\/2017\/03\/BIB_MARON_TCC_2014.txt\" target=\"_blank\"><img loading=\"lazy\" decoding=\"async\" class=\"alignnone\" style=\"padding: 0px;\" title=\"Bibtex\" src=\"http:\/\/larcc.setrem.com.br\/wp-content\/uploads\/2015\/03\/bibtex2.png?1859db\" alt=\"bibtex2\" width=\"25\" height=\"25\" \/><\/a><\/td>\n<\/tr>\n<\/tbody>\n<\/table>\n<table style=\"height: 89px;\" width=\"848\" cellspacing=\"1\" cellpadding=\"1\">\n<tbody>\n<tr>\n<td style=\"text-align: justify;\">Thome, B.; Hentges, E. . <strong>An\u00e1lise e Compara\u00e7\u00e3o de Ferramentas Open Source de Computa\u00e7\u00e3o em Nuvem para o Modelo de Servi\u00e7o IaaS.<\/strong>\u00a0Undergraduate Thesis. Sociedade Educacional Tr\u00eas de Maio (SETREM), 2013.\u00a0\u00a0<a href=\"http:\/\/hiperfcloud.setrem.com.br\/wp-content\/uploads\/2017\/03\/THOME_TCC_2013.pdf\" target=\"_blank\"><img loading=\"lazy\" decoding=\"async\" class=\"alignnone\" style=\"padding: 0px;\" title=\"Paper\" src=\"http:\/\/larcc.setrem.com.br\/wp-content\/uploads\/2015\/03\/articlelarcc.png?1859db\" alt=\"articlelarcc\" width=\"25\" height=\"25\" \/><\/a> <a href=\"http:\/\/hiperfcloud.setrem.com.br\/wp-content\/uploads\/2017\/03\/BIB_THOME_TCC_2013.txt\" target=\"_blank\"><img loading=\"lazy\" decoding=\"async\" class=\"alignnone\" style=\"padding: 0px;\" title=\"Bibtex\" src=\"http:\/\/larcc.setrem.com.br\/wp-content\/uploads\/2015\/03\/bibtex2.png?1859db\" alt=\"bibtex2\" width=\"25\" height=\"25\" \/><\/a><\/td>\n<\/tr>\n<\/tbody>\n<\/table>\n","protected":false},"excerpt":{"rendered":"<p>Vogel, A. . Surveying the Robustness and Analyzing the Performance Impact of Open Source Infrastructure as a Service Management Tools.\u00a0Undergraduate Thesis. Sociedade Educacional Tr\u00eas de Maio (SETREM), 2015.\u00a0 Maron, C. A. F. . Avalia\u00e7\u00e3o e Compara\u00e7\u00e3o da Computa\u00e7\u00e3o de Alto Desempenho em Ferrametas OpenSource de Administra\u00e7\u00e3o de Nuvem Usando Esta\u00e7\u00f5es de Trabalho.\u00a0Undergraduate Thesis. Sociedade Educacional [&hellip;]<\/p>\n","protected":false},"author":6,"featured_media":0,"parent":941,"menu_order":0,"comment_status":"closed","ping_status":"closed","template":"","meta":{"_monsterinsights_skip_tracking":false,"_monsterinsights_sitenote_active":false,"_monsterinsights_sitenote_note":"","_monsterinsights_sitenote_category":0,"footnotes":""},"class_list":["post-1064","page","type-page","status-publish","hentry"],"_links":{"self":[{"href":"http:\/\/hiperfcloud.setrem.com.br\/en\/wp-json\/wp\/v2\/pages\/1064","targetHints":{"allow":["GET"]}}],"collection":[{"href":"http:\/\/hiperfcloud.setrem.com.br\/en\/wp-json\/wp\/v2\/pages"}],"about":[{"href":"http:\/\/hiperfcloud.setrem.com.br\/en\/wp-json\/wp\/v2\/types\/page"}],"author":[{"embeddable":true,"href":"http:\/\/hiperfcloud.setrem.com.br\/en\/wp-json\/wp\/v2\/users\/6"}],"replies":[{"embeddable":true,"href":"http:\/\/hiperfcloud.setrem.com.br\/en\/wp-json\/wp\/v2\/comments?post=1064"}],"version-history":[{"count":3,"href":"http:\/\/hiperfcloud.setrem.com.br\/en\/wp-json\/wp\/v2\/pages\/1064\/revisions"}],"predecessor-version":[{"id":1109,"href":"http:\/\/hiperfcloud.setrem.com.br\/en\/wp-json\/wp\/v2\/pages\/1064\/revisions\/1109"}],"up":[{"embeddable":true,"href":"http:\/\/hiperfcloud.setrem.com.br\/en\/wp-json\/wp\/v2\/pages\/941"}],"wp:attachment":[{"href":"http:\/\/hiperfcloud.setrem.com.br\/en\/wp-json\/wp\/v2\/media?parent=1064"}],"curies":[{"name":"wp","href":"https:\/\/api.w.org\/{rel}","templated":true}]}}