{"id":14,"date":"2015-02-27T17:24:08","date_gmt":"2015-02-27T17:24:08","guid":{"rendered":"http:\/\/larcc.setrem.com.br\/?page_id=14"},"modified":"2017-03-25T13:04:37","modified_gmt":"2017-03-25T13:04:37","slug":"sobre","status":"publish","type":"page","link":"https:\/\/hiperfcloud.setrem.com.br\/en\/sobre\/","title":{"rendered":"About"},"content":{"rendered":"<p style=\"text-align: justify;\"><strong lang=\"pt-BR\"><span lang=\"pt-BR\"><i>A computa\u00e7\u00e3o em nuvem vem se tornando refer\u00eancia na utiliza\u00e7\u00e3o de grandes infraestruturas de processamento (IaaS), como tamb\u00e9m softwares<\/i><\/span><span lang=\"pt-BR\"> (SaaS) e plataformas de desenvolvimento (PaaS) . O modelo IaaS pode ser encarado pelo usu\u00e1rio como um<span id=\"transmark\"><\/span>a forma de diminui\u00e7\u00e3o de custos em infraestrutura, pois as ferramentas de administra\u00e7\u00e3o para este fim trabalham diretamente com tecnologias de virtualiza\u00e7\u00e3o, permitindo que servidores sejam criados e os recursos provisionados de forma simples e estruturada . A demanda existente de ferramentas de administra\u00e7\u00e3o de nuvens nos coloca em uma situa\u00e7\u00e3o em que \u00e9 essencial analisar e comparar o desempenho e estimar qual delas apresenta a melhor utiliza\u00e7\u00e3o dos recursos virtuais, e ainda em rela\u00e7\u00e3o ao ambiente nativo. Esta pesquisa parte do trabalho de Thom\u00e9 et al (2013), o qual realizou um estudo das principais ferramentas de administra\u00e7\u00e3o de nuvem, onde foram avaliadas e comparadas as principais caracter\u00edsticas descritas na literatura, para ent\u00e3o, sugerir aquelas que s\u00e3o melhores e mais completas. Em seguida, dentre as ferramentas sugeridas para implanta\u00e7\u00e3o de nuvem privada, foram escolhidas o OpenStack e o OpenNebula para que suas caracter\u00edsticas operacionais (instala\u00e7\u00e3o, configura\u00e7\u00e3o, interface, funcionalidades e demais recursos dispon\u00edveis) fossem avaliadas e comparadas. Este projeto almeja dar continuidade as pesquisas relacionadas a este tema, atentando-se para as quest\u00f5es de desempenho em diversos tipos de aplica\u00e7\u00f5es sobre um ambiente de computa\u00e7\u00e3o em nuvem implantando com diferentes ferramentas de administra\u00e7\u00e3o do modelo IaaS. Por exemplo, aplica\u00e7\u00f5es de car\u00e1ter empresarial\/corporativo (servi\u00e7os web) e cient\u00edfico (computa\u00e7\u00e3o de alto desempenho). O desafio em uma primeira inst\u00e2ncia \u00e9 encontrar a melhor combina\u00e7\u00e3o de virtualizador e ferramenta de administra\u00e7\u00e3o de nuvem para determinados tipos de aplica\u00e7\u00f5es. Para isso, os resultados esperados s\u00e3o: (I) avalia\u00e7\u00e3o e compara\u00e7\u00e3o das caracter\u00edsticas das aplica\u00e7\u00f5es e da infraestrutura da nuvem, proporcionando uma vis\u00e3o geral e poss\u00edveis tend\u00eancias do desempenho; (II) identificar padr\u00f5es comportamentais das ferramentas e relacionar com as caracter\u00edsticas das aplica\u00e7\u00f5es para simplificar as escolhas; (III) criar <\/span><span lang=\"pt-BR\"><i>benchmarks<\/i><\/span><span lang=\"pt-BR\"> customiz\u00e1veis ao ambiente de uma empresa para prever o comportamento na nuvem; (IV) identificar poss\u00edveis gargalos de desempenho e propor solu\u00e7\u00f5es eficientes; (V) proposta de novas pesquisas para atender as necessidades futuras do ambiente corporativo.<\/span><\/strong><\/p>\n<h6 style=\"text-align: left;\">Refer\u00eancias<\/h6>\n<h6 style=\"text-align: left;\">OPENSTACK. OpenStack Roadmap. 2014. Dispon\u00edvel em: https:\/\/www.openstack.org\/software\/roadmap\/.<br \/>\nAcessado em: 20 de Agosto de 2014.Refer\u00eancias<br \/>\nTORALDO, Giovani. OpenNebula 3: Cloud Computing. Birmingham: Packt, 2013. 978-1-84951-746-1.<br \/>\nMARINESCU, Dan C. Cloud Computing: Theory and Practice. Waltham: Elsevier, 2013. 978-0-12404-627-6.<br \/>\nMARON, Carlo Alberto Franco; GRIEBLER, Dalvan. 2014. Avalia\u00e7\u00e3o E Compara\u00e7\u00e3o Da Computa\u00e7\u00e3o De<br \/>\nAlto Desempenho Em Ferramentas Opensource De Administra\u00e7\u00e3o De Nuvem Usando Esta\u00e7\u00f5es De Trabalho<br \/>\n-Trabalho de Conclus\u00e3o do Curso Superior de Tecnologias em Redes de Computadores. Tecnologia em Redes<br \/>\nde Computadores. Tr\u00eas de Maio: SETREM.<br \/>\nHENTGES, Eduardo Lu\u00eds; THOM\u00c9, Bruna Roberta, GRIEBLER, Dalvan. 2013. An\u00e1lise e Compara\u00e7\u00e3o de<br \/>\nFerramentas Open Source de Computa\u00e7\u00e3o Em Nuvem para o Modelo de Servi\u00e7o Iaas &#8211; Trabalho de Conclus\u00e3o<br \/>\ndo Curso Superior de Tecnologias em Redes de Computadores. Tecnologia em Redes de Computadores.<br \/>\nTr\u00eas de Maio: SETREM.<\/h6>\n<p align=\"justify\">\n","protected":false},"excerpt":{"rendered":"<p>A computa\u00e7\u00e3o em nuvem vem se tornando refer\u00eancia na utiliza\u00e7\u00e3o de grandes infraestruturas de processamento (IaaS), como tamb\u00e9m softwares (SaaS) e plataformas de desenvolvimento (PaaS) . O modelo IaaS pode ser encarado pelo usu\u00e1rio como uma forma de diminui\u00e7\u00e3o de custos em infraestrutura, pois as ferramentas de administra\u00e7\u00e3o para este fim trabalham diretamente com tecnologias [&hellip;]<\/p>\n","protected":false},"author":4,"featured_media":0,"parent":0,"menu_order":0,"comment_status":"closed","ping_status":"open","template":"page-fullwidth.php","meta":{"_monsterinsights_skip_tracking":false,"_monsterinsights_sitenote_active":false,"_monsterinsights_sitenote_note":"","_monsterinsights_sitenote_category":0,"footnotes":""},"class_list":["post-14","page","type-page","status-publish","hentry"],"_links":{"self":[{"href":"https:\/\/hiperfcloud.setrem.com.br\/en\/wp-json\/wp\/v2\/pages\/14","targetHints":{"allow":["GET"]}}],"collection":[{"href":"https:\/\/hiperfcloud.setrem.com.br\/en\/wp-json\/wp\/v2\/pages"}],"about":[{"href":"https:\/\/hiperfcloud.setrem.com.br\/en\/wp-json\/wp\/v2\/types\/page"}],"author":[{"embeddable":true,"href":"https:\/\/hiperfcloud.setrem.com.br\/en\/wp-json\/wp\/v2\/users\/4"}],"replies":[{"embeddable":true,"href":"https:\/\/hiperfcloud.setrem.com.br\/en\/wp-json\/wp\/v2\/comments?post=14"}],"version-history":[{"count":16,"href":"https:\/\/hiperfcloud.setrem.com.br\/en\/wp-json\/wp\/v2\/pages\/14\/revisions"}],"predecessor-version":[{"id":1117,"href":"https:\/\/hiperfcloud.setrem.com.br\/en\/wp-json\/wp\/v2\/pages\/14\/revisions\/1117"}],"wp:attachment":[{"href":"https:\/\/hiperfcloud.setrem.com.br\/en\/wp-json\/wp\/v2\/media?parent=14"}],"curies":[{"name":"wp","href":"https:\/\/api.w.org\/{rel}","templated":true}]}}