{"id":941,"date":"2017-03-18T18:04:16","date_gmt":"2017-03-18T18:04:16","guid":{"rendered":"http:\/\/hiperfcloud.setrem.com.br\/?page_id=941"},"modified":"2017-03-28T01:01:29","modified_gmt":"2017-03-28T01:01:29","slug":"publicacoes","status":"publish","type":"page","link":"https:\/\/hiperfcloud.setrem.com.br\/en\/publicacoes\/","title":{"rendered":"Publications"},"content":{"rendered":"<p>As publica\u00e7\u00f5es do Projeto HiPerfCloud est\u00e3o listadas em:<\/p>\n<p><a href=\"http:\/\/hiperfcloud.setrem.com.br\/publicacoes\/all\/\">Todas<\/a><\/p>\n<p><a href=\"http:\/\/hiperfcloud.setrem.com.br\/publicacoes\/revistas\/\">Revistas<\/a><\/p>\n<p><a href=\"http:\/\/hiperfcloud.setrem.com.br\/publicacoes\/conferencias\/\">Confer\u00eancias<\/a><\/p>\n<p><a href=\"http:\/\/hiperfcloud.setrem.com.br\/publicacoes\/tccs\/\">TCCs (Trabalhos de Conclus\u00e3o)<\/a><\/p>\n<p>O Projeto HiPerfCloud est\u00e1 vinculado ao LARCC. Todas as publica\u00e7\u00f5es do LARCC tamb\u00e9m podem ser acompanhadas e acessadas em nosso perfil no Google Scholar abaixo.<\/p>\n<p><a href=\"https:\/\/scholar.google.com.br\/citations?user=K9ioPVcAAAAJ&#038;hl=pt-BR\" target=\"_blank\"><img loading=\"lazy\" decoding=\"async\" class=\"alignnone size-medium wp-image-1309\" src=\"http:\/\/hiperfcloud.setrem.com.br\/wp-content\/uploads\/2017\/03\/Google_Scholar_logo_2015.png\" alt=\"\" width=\"300\" height=\"112\" \/><\/a><\/p>\n","protected":false},"excerpt":{"rendered":"<p>As publica\u00e7\u00f5es do Projeto HiPerfCloud est\u00e3o listadas em: Todas Revistas Confer\u00eancias TCCs (Trabalhos de Conclus\u00e3o) O Projeto HiPerfCloud est\u00e1 vinculado ao LARCC. Todas as publica\u00e7\u00f5es do LARCC tamb\u00e9m podem ser acompanhadas e acessadas em nosso perfil no Google Scholar abaixo.<\/p>\n","protected":false},"author":4,"featured_media":0,"parent":0,"menu_order":0,"comment_status":"closed","ping_status":"closed","template":"","meta":{"_monsterinsights_skip_tracking":false,"_monsterinsights_sitenote_active":false,"_monsterinsights_sitenote_note":"","_monsterinsights_sitenote_category":0,"footnotes":""},"class_list":["post-941","page","type-page","status-publish","hentry"],"_links":{"self":[{"href":"https:\/\/hiperfcloud.setrem.com.br\/en\/wp-json\/wp\/v2\/pages\/941","targetHints":{"allow":["GET"]}}],"collection":[{"href":"https:\/\/hiperfcloud.setrem.com.br\/en\/wp-json\/wp\/v2\/pages"}],"about":[{"href":"https:\/\/hiperfcloud.setrem.com.br\/en\/wp-json\/wp\/v2\/types\/page"}],"author":[{"embeddable":true,"href":"https:\/\/hiperfcloud.setrem.com.br\/en\/wp-json\/wp\/v2\/users\/4"}],"replies":[{"embeddable":true,"href":"https:\/\/hiperfcloud.setrem.com.br\/en\/wp-json\/wp\/v2\/comments?post=941"}],"version-history":[{"count":5,"href":"https:\/\/hiperfcloud.setrem.com.br\/en\/wp-json\/wp\/v2\/pages\/941\/revisions"}],"predecessor-version":[{"id":1105,"href":"https:\/\/hiperfcloud.setrem.com.br\/en\/wp-json\/wp\/v2\/pages\/941\/revisions\/1105"}],"wp:attachment":[{"href":"https:\/\/hiperfcloud.setrem.com.br\/en\/wp-json\/wp\/v2\/media?parent=941"}],"curies":[{"name":"wp","href":"https:\/\/api.w.org\/{rel}","templated":true}]}}